{"id":3,"date":"2019-06-25T17:52:43","date_gmt":"2019-06-25T15:52:43","guid":{"rendered":"https:\/\/www.oribonetti.com\/?page_id=3"},"modified":"2020-11-03T10:37:41","modified_gmt":"2020-11-03T09:37:41","slug":"privacy-policy","status":"publish","type":"page","link":"https:\/\/www.oribonetti.com\/en\/privacy-policy\/","title":{"rendered":"Privacy Policy"},"content":{"rendered":"<div class=\"vc_row wpb_row vc_row-fluid\"><div class=\"container\"><div class=\"row\"><div class=\"wpb_column vc_column_container vc_col-sm-12 vc_col-lg-12 vc_col-md-12 vc_col-xs-12\"><div class=\"vc_column-inner\"><div class=\"wpb_wrapper\"><div class=\"ba-empty-space\" style=\"\"><div class=\"ba_empty_space_lg\"  style=\"height: 80px\"><\/div><div class=\"ba_empty_space_md\"  style=\"height: 20px\"><\/div><div class=\"ba_empty_space_xs\"  style=\"height: 20px\"><\/div><\/div><h3 style=\"font-size: 36px;text-align: left\" class=\"vc_custom_heading\" >PRIVACY POLICY<\/h3><\/div><\/div><\/div><\/div><\/div><\/div><div class=\"vc_row wpb_row vc_row-fluid\"><div class=\"container\"><div class=\"row\"><div class=\"wpb_column vc_column_container vc_col-sm-12 vc_col-lg-12 vc_col-md-12 vc_col-xs-12\"><div class=\"vc_column-inner\"><div class=\"wpb_wrapper\">\n\t<div class=\"wpb_text_column wpb_content_element\" >\n\t\t<div class=\"wpb_wrapper\">\n\t\t\t<p>1. La presente nota informativa \u00e8 stata redatta da Ori&amp;Bonetti Falegnameria s.r.l., Via Oglio 4, 26030 Cicognolo &#8211; Cremona (\u201cSociet\u00e0\u201d) ai sensi dell\u2019articolo 13 del decreto legislativo n. 196 del 30 giugno 2003 in materia di protezione dei dati personali (\u201cCodice Privacy\u201d), al fine di descrivere le modalit\u00e0 di gestione del sito all\u2019indirizzo www.oribonetti.com (\u201cil Sito\u201d) &#8211; ed estensioni collegate www.oribonetti.it &#8211; e dei servizi messi a disposizione attraverso il Sito dalla stessa Societ\u00e0 (\u201ci Servizi\u201d) in relazione al trattamento dei dati personali degli utenti che consultano il Sito e\/o fruiscono dei Servizi (\u201cgli Utenti\u201d).<\/p>\n<h3 class=\"wp-block-heading\">RACCOLTA DEI DATI PERSONALI<\/h3>\n<p>Registrazione alla community<br \/>2. In alcune sezioni del Sito, ovvero in occasione della fruizione dei Servizi, all\u2019Utente viene offerta la possibilit\u00e0 di registrarsi entrando in un\u2019apposita area del Sito e beneficiare cos\u00ec di tutta una serie di vantaggi esclusivi riservati agli Utenti registrati.<br \/>Il tutto \u00e8 gestito dalla Societ\u00e0 attraverso la newsletter, comunicazione periodica inviata, per mezzo della posta elettronica, all\u2019indirizzo e-mail indicato dall\u2019Utente, attraverso la quale gli Utenti registrati saranno informati delle iniziative esclusive che la Societ\u00e0 metter\u00e0 a disposizione dei propri Utenti registrati, quali concorsi a premio, servizi esclusivi, news, inviti etc. (\u201cNewsletter\u201d). La Newsletter potr\u00e0 anche contenere banner pubblicitari, inserzioni e offerte pubblicitarie sia della Societ\u00e0 che di soggetti terzi.<\/p>\n<p>Navigazione del Sito e cookies<br \/>3. Il server del Sito, anche attraverso i cookies, registra automaticamente alcune informazioni sul computer e sulla navigazione dell\u2019Utente, quali ad esempio: il nome del suo provider di accesso alla rete Internet, sito di provenienza, pagine visitate, data e durata della visita, etc. Tali informazioni saranno registrate in forma anonima, ed utilizzate soltanto per consentire l\u2019accesso al Sito e\/o il godimento di alcuni Servizi, e quindi cancellate, oppure utilizzate in forma aggregata per fini statistici del Sito e per monitorare, sempre in forma aggregata e mai individuale, quali pagine del Sito e quali Servizi siano maggiormente graditi dagli Utenti.<\/p>\n<p>Cookies<br \/>4. I cookies utilizzati sono dei file di testo che il Sito trasferisce sul computer dell\u2019Utente al fine di facilitarne la navigazione. Grazie ai cookies, pu\u00f2 essere agevolato il riconoscimento dell\u2019Utente registrato da parte del Sito, evitando ad esempio che si debba procedere alla propria autenticazione (mediante \u201clog-in\u201d e \u201cpassword\u201d) in occasione di ogni accesso al Sito. I cookies, inoltre, possono consentire agli Utenti di personalizzare la propria fruizione del Sito mediante salvataggio delle proprie impostazioni preferite.<br \/>Come sopra evidenziato, i cookies registrano anche alcune informazioni relative alla navigazione dell\u2019Utente; tali informazioni non vengono tuttavia registrate in forma individuale, e non interferiscono pertanto con la privacy e la riservatezza degli Utenti.<br \/>Ciascun utente ha la facolt\u00e0 di disattivare i cookies attraverso il software utilizzato per la consultazione della rete Internet (c.d. \u201cbrowser\u201d). Molti browser sono impostati in modo tale da accettare i cookies in assenza di diverse istruzioni da parte dell\u2019Utente. La Societ\u00e0 invita gli Utenti a verificare le impostazioni del proprio browser con riferimento ai cookies, e di regolarle secondo le proprie preferenze, tenendo tuttavia presente che per usufruire di alcuni Servizi potrebbe essere necessario abilitare la ricezione dei cookies (in tali casi l\u2019Utente verr\u00e0 debitamente informato).<\/p>\n<h3>MODALIT\u00c0 E FINALIT\u00c0 DEL TRATTAMENTO<\/h3>\n<p>Conservazione ed accesso ai dati<br \/>5. Nella propria qualit\u00e0 di titolare del trattamento, la Societ\u00e0 procede, direttamente o tramite gli eventuali responsabili indicati nel Sito, a salvare i dati personali degli Utenti in appositi server e ad effettuare tutte le altre operazioni di trattamento attraverso il personale \u2013 del titolare e del responsabile \u2013 all\u2019uopo preposto nella qualit\u00e0 di incaricato, ovvero attraverso eventuali incaricati esterni in occasione di operazioni di manutenzione.<br \/>Il database \u00e8 accessibile soltanto da parte dei soggetti abilitati mediante modalit\u00e0 che ne garantiscono la protezione e la riservatezza, grazie all\u2019adozione di misure di sicurezza predisposte per prevenire le perdita dei dati, usi illeciti o non corretti ed accessi non autorizzati.<br \/>I dati vengono conservati per il tempo strettamente necessario per dar corso a quelle operazioni di trattamento poste in essere in relazione ai dati di ciascun Utente, a seconda delle sue scelte, preferenze ed indicazioni.<\/p>\n<p>Operazioni di trattamento subordinate al consenso, comunicazione e diffusione dei dati<br \/>6. Soltanto in presenza di un\u2019espressa autorizzazione da parte dell\u2019Utente, la Societ\u00e0 procede ad utilizzare i suoi dati per le medesime attivit\u00e0 di cui al comma precedente con l\u2019ausilio di strumenti automatizzati senza l\u2019intervento di un operatore e\/o per le altre finalit\u00e0 di volta in volta autorizzate dall\u2019Utente. Allo stesso modo, solo a fronte dell\u2019espresso consenso dell\u2019Utente la Societ\u00e0 potr\u00e0 condividere o comunicare i suoi dati ai propri partner commerciali \u2013 di volta in volta espressamente indicati o elencati nel Sito \u2013 affinch\u00e9 gli stessi procedano, nella qualit\u00e0 di titolari o responsabili, a separati trattamenti aventi le medesime modalit\u00e0 e gli stessi limiti di cui al trattamento autorizzato alla Societ\u00e0. I dati degli Utenti, se non previo consenso da parte degli stessi, non vengono mai diffusi, ad eccezione di quelli che volontariamente l\u2019Utente rende disponibili sulle eventuali aree comuni del Sito pubblicamente accessibili.\u00a0I dati possono, infine, essere comunicati alla pubblica autorit\u00e0 in presenza di un legittimo ordine dalla stessa impartito.<\/p>\n<p>6-a.\u00a0<b>In relazione alle finalit\u00e0 di cui sopra i Suoi dati personali verranno comunicati solo se necessario.\u00a0<\/b>I dati raccolti verranno comunicati alle Pubbliche Amministrazioni ed Autorit\u00e0, ove previsto e\/o richiesto dalla legge.\u00a0Ad Istituti di credito con i quali la Societ\u00e0 ha rapporti per la gestione dei crediti\/debiti e l\u2019intermediazione finanziaria.\u00a0A tutte quelle persone fisiche e\/o giuridiche, pubbliche e\/o private (studi di consulenza legale, amministrativa e fiscale, uffici giudiziari, Camere di Commercio ecc.), quando la comunicazione risulti necessaria o funzionale allo svolgimento della nostra attivit\u00e0 e nei modi e per le finalit\u00e0 sopra citate.<\/p>\n<p><span class=\"Apple-converted-space\">6-b.\u00a0<\/span><b>I dati personali trattati dalla nostra Societ\u00e0 non sono soggetti a diffusione.\u00a0<\/b>Il trattamento potr\u00e0 effettuarsi con o senza l\u2019ausilio di mezzi elettronici e comunque automatizzati e comprender\u00e0 tutte le operazioni previste all\u2019art. 4 comma 1, lettera a, DLGS 30 giugno 2003 nr. 196.<\/p>\n<p>In ogni caso il trattamento sar\u00e0 effettuato nell\u2019osservanza di ogni misura cautelativa, che ne garantisca la sicurezza e la riservatezza.<\/p>\n<p>Il Codice della Privacy conferisce all\u2019Interessato l\u2019esercizio di specifici diritti di cui all\u2019art. 7. In particolare pu\u00f2 ottenere dalla Societ\u00e0 la conferma dell\u2019esistenza o meno dei dati che lo riguardano e la loro comunicazione in forma intelligibile. L\u2019Interessato pu\u00f2 altres\u00ec chiedere di conoscere l\u2019origine dei dati, le finalit\u00e0 e modalit\u00e0 del trattamento nonch\u00e9 la logica applicata in caso di trattamento effettuato con l\u2019ausilio di strumenti elettronici, l\u2019identificazione degli estremi identificativi del titolare, dei responsabili nominati qualora previsti dalla legge e dei soggetti e categorie di soggetti ai quali i dati possono essere comunicati o che possono venirne a conoscenza.<\/p>\n<p>L\u2019Interessato ha il diritto di ottenere l\u2019aggiornamento, la rettifica, l\u2019integrazione, la cancellazione, la trasformazione in anonimato o il blocco totale dei dati trattati in violazione di legge. L\u2019Interessato ha diritto di opporsi, in tutto o in parte, per motivi legittimi al trattamento dei dati personali che lo riguardano, ancorch\u00e9 pertinenti allo scopo della raccolta, e senza motivo al trattamento che lo riguarda a fini di invio di materiale pubblicitario e di vendita diretta o per il compimento di ricerche di mercato o di comunicazione commerciale. I diritti in oggetto possono essere esercitati, anche per il tramite di un incaricato, mediante richiesta rivolta a:<\/p>\n<p>Ori&amp;Bonetti Falegnameria s.r.l., via Oglio 4, 26030 Cicognolo &#8211; Cremona, con lettera raccomandata<\/p>\n<p>o tramite e-mail all\u2019indirizzo: privacy@oribonetti.it<\/p>\n<h3>DIRITTI DEGLI UTENTI<\/h3>\n<p>7. In conformit\u00e0 con quanto previsto dall\u2019articolo 7 del Codice Privacy, la Societ\u00e0 concede all\u2019Utente la facolt\u00e0 di modificare in qualsiasi momento le proprie preferenze in ordine al trattamento dei dati personali che lo riguardano, e di ottenere la conferma dell\u2019esistenza o meno di tali dati, nonch\u00e9 di conoscerne la provenienza, il contenuto, le finalit\u00e0 e le modalit\u00e0 del trattamento, di chiederne l\u2019aggiornamento, la rettificazione, l\u2019integrazione, oppure di pretendere la cancellazione o il blocco di quelli trattati in violazione di legge.<br \/>L\u2019Utente ha, peraltro, il diritto di opporsi al trattamento dei suoi dati, cos\u00ec come di richiedere in qualsiasi momento la cessazione del trattamento a fini di ricerche di mercato, invio di materiale pubblicitario, vendita diretta, comunicazione commerciale.<\/p>\n<h3>UTENTI MINORENNI<\/h3>\n<p>8. La Societ\u00e0 \u00e8 consapevole che il Sito ed i Servizi possono interessare un pubblico minorenne.<br \/>Per quanto riguarda la raccolta ed il trattamento di dati personali, la Societ\u00e0 non compie alcuna operazione di trattamento dei dati personali di minorenni senza il consenso dei loro genitori.<br \/>La registrazione \u00e8 pertanto consentita ai soli Utenti maggiorenni o agli Utenti che abbiamo compiuto 14 anni e che abbiamo il consenso dei propri genitori.<br \/>La Societ\u00e0, peraltro, incoraggia l\u2019iscrizione anche dei genitori degli Utenti registrati minorenni: in questo modo i genitori hanno la possibilit\u00e0 di usufruire dei Servizi e di essere sempre al corrente delle iniziative che la Societ\u00e0 mette a disposizione dei figli, e di verificarne cos\u00ec la rispondenza alle proprie aspettative ed ai propri modelli e percorsi educativi.<\/p>\n<h3>TITOLARE E RESPONSABILE DEL TRATTAMENTO<\/h3>\n<p>9.\u00a0Il Titolare nonch\u00e9 il Responsabile del trattamento dei dati personali in oggetto \u00e8:<\/p>\n<p><strong>Ori&amp;Bonetti Falegnameria s.r.l., P. Iva 01733990194 &#8211; con sede in via Oglio 4 a Cicognolo &#8211; Cremona.<\/strong><\/p>\n<h3>MODIFICHE ALLA PRESENTE INFORMATIVA<\/h3>\n<p>10. Fermo restando che la Societ\u00e0 in ogni caso non procede ad operazioni di trattamento diverse da quelle espressamente autorizzate e\/o richieste da ciascun Utente, la presente informativa pu\u00f2 essere fatta oggetto di modifiche per conformarsi a nuove disposizioni di legge o alle mutate politiche di trattamento dei dati della Societ\u00e0.<br \/>Ogni versione aggiornata della presente informativa verr\u00e0 resa disponibile sul Sito nella sezione dedicata: la Societ\u00e0 invita pertanto tutti gli Utenti a consultare periodicamente il Sito per essere sempre informati dell\u2019ultima versione caricata.<\/p>\n\n\t\t<\/div>\n\t<\/div>\n<\/div><\/div><\/div><\/div><\/div><\/div><div class=\"vc_row wpb_row vc_row-fluid\"><div class=\"container\"><div class=\"row\"><div class=\"wpb_column vc_column_container vc_col-sm-12 vc_col-lg-12 vc_col-md-12 vc_col-xs-12\"><div class=\"vc_column-inner\"><div class=\"wpb_wrapper\"><div class=\"ba-empty-space\" style=\"\"><div class=\"ba_empty_space_lg\"  style=\"height: 80px\"><\/div><div class=\"ba_empty_space_md\"  style=\"height: 40px\"><\/div><div class=\"ba_empty_space_xs\"  style=\"height: 20px\"><\/div><\/div><\/div><\/div><\/div><\/div><\/div><\/div>","protected":false},"excerpt":{"rendered":"PRIVACY POLICY 1. La presente nota informativa \u00e8 stata redatta da Ori&amp;Bonetti Falegnameria s.r.l., Via Oglio 4, 26030 Cicognolo - Cremona (\u201cSociet\u00e0\u201d) ai sensi dell\u2019articolo 13 del decreto legislativo n. 196 del 30 giugno 2003 in materia di protezione dei dati personali (\u201cCodice Privacy\u201d), al fine di descrivere le modalit\u00e0 di gestione del sito all\u2019indirizzo [...]","protected":false},"author":1,"featured_media":0,"parent":0,"menu_order":0,"comment_status":"closed","ping_status":"closed","template":"template-fullwidth.php","meta":{"footnotes":""},"yoast_head":"<!-- This site is optimized with the Yoast SEO plugin v21.6 - https:\/\/yoast.com\/wordpress\/plugins\/seo\/ -->\n<title>Privacy Policy | Ori&amp;Bonetti Falegnameria<\/title>\n<meta name=\"robots\" content=\"index, follow, max-snippet:-1, max-image-preview:large, max-video-preview:-1\" \/>\n<link rel=\"canonical\" href=\"https:\/\/www.oribonetti.com\/en\/privacy-policy\/\" \/>\n<meta property=\"og:locale\" content=\"en_US\" \/>\n<meta property=\"og:type\" content=\"article\" \/>\n<meta property=\"og:title\" content=\"Privacy Policy | Ori&amp;Bonetti Falegnameria\" \/>\n<meta property=\"og:url\" content=\"https:\/\/www.oribonetti.com\/en\/privacy-policy\/\" \/>\n<meta property=\"og:site_name\" content=\"Ori&amp;Bonetti Falegnameria\" \/>\n<meta property=\"article:publisher\" content=\"https:\/\/it-it.facebook.com\/oribonetti1966\/\" \/>\n<meta property=\"article:modified_time\" content=\"2020-11-03T09:37:41+00:00\" \/>\n<meta name=\"twitter:card\" content=\"summary_large_image\" \/>\n<meta name=\"twitter:label1\" content=\"Est. reading time\" \/>\n\t<meta name=\"twitter:data1\" content=\"9 minutes\" \/>\n<script type=\"application\/ld+json\" class=\"yoast-schema-graph\">{\"@context\":\"https:\/\/schema.org\",\"@graph\":[{\"@type\":\"WebPage\",\"@id\":\"https:\/\/www.oribonetti.com\/en\/privacy-policy\/\",\"url\":\"https:\/\/www.oribonetti.com\/en\/privacy-policy\/\",\"name\":\"Privacy Policy | Ori&amp;Bonetti Falegnameria\",\"isPartOf\":{\"@id\":\"https:\/\/www.oribonetti.com\/#website\"},\"datePublished\":\"2019-06-25T15:52:43+00:00\",\"dateModified\":\"2020-11-03T09:37:41+00:00\",\"breadcrumb\":{\"@id\":\"https:\/\/www.oribonetti.com\/en\/privacy-policy\/#breadcrumb\"},\"inLanguage\":\"en-US\",\"potentialAction\":[{\"@type\":\"ReadAction\",\"target\":[\"https:\/\/www.oribonetti.com\/en\/privacy-policy\/\"]}]},{\"@type\":\"BreadcrumbList\",\"@id\":\"https:\/\/www.oribonetti.com\/en\/privacy-policy\/#breadcrumb\",\"itemListElement\":[{\"@type\":\"ListItem\",\"position\":1,\"name\":\"Home\",\"item\":\"https:\/\/www.oribonetti.com\/\"},{\"@type\":\"ListItem\",\"position\":2,\"name\":\"Privacy Policy\"}]},{\"@type\":\"WebSite\",\"@id\":\"https:\/\/www.oribonetti.com\/#website\",\"url\":\"https:\/\/www.oribonetti.com\/\",\"name\":\"Ori&amp;Bonetti\",\"description\":\"Dal 1966 - Sistemi per l&#039;Architettura\",\"publisher\":{\"@id\":\"https:\/\/www.oribonetti.com\/#organization\"},\"potentialAction\":[{\"@type\":\"SearchAction\",\"target\":{\"@type\":\"EntryPoint\",\"urlTemplate\":\"https:\/\/www.oribonetti.com\/?s={search_term_string}\"},\"query-input\":\"required name=search_term_string\"}],\"inLanguage\":\"en-US\"},{\"@type\":\"Organization\",\"@id\":\"https:\/\/www.oribonetti.com\/#organization\",\"name\":\"Ori & Bonetti Srl\",\"url\":\"https:\/\/www.oribonetti.com\/\",\"logo\":{\"@type\":\"ImageObject\",\"inLanguage\":\"en-US\",\"@id\":\"https:\/\/www.oribonetti.com\/#\/schema\/logo\/image\/\",\"url\":\"https:\/\/www.oribonetti.com\/wp-content\/uploads\/2019\/11\/oribonetti_logo-2019_verticale-bis-50anni_nero_tracciato.png\",\"contentUrl\":\"https:\/\/www.oribonetti.com\/wp-content\/uploads\/2019\/11\/oribonetti_logo-2019_verticale-bis-50anni_nero_tracciato.png\",\"width\":100,\"height\":124,\"caption\":\"Ori & Bonetti Srl\"},\"image\":{\"@id\":\"https:\/\/www.oribonetti.com\/#\/schema\/logo\/image\/\"},\"sameAs\":[\"https:\/\/it-it.facebook.com\/oribonetti1966\/\",\"https:\/\/www.instagram.com\/ori_bonetti\/?hl=it\",\"https:\/\/www.linkedin.com\/company\/ori-bonetti\/about\/?viewAsMember=true\"]}]}<\/script>\n<!-- \/ Yoast SEO plugin. -->","yoast_head_json":{"title":"Privacy Policy | Ori&amp;Bonetti Falegnameria","robots":{"index":"index","follow":"follow","max-snippet":"max-snippet:-1","max-image-preview":"max-image-preview:large","max-video-preview":"max-video-preview:-1"},"canonical":"https:\/\/www.oribonetti.com\/en\/privacy-policy\/","og_locale":"en_US","og_type":"article","og_title":"Privacy Policy | Ori&amp;Bonetti Falegnameria","og_url":"https:\/\/www.oribonetti.com\/en\/privacy-policy\/","og_site_name":"Ori&amp;Bonetti Falegnameria","article_publisher":"https:\/\/it-it.facebook.com\/oribonetti1966\/","article_modified_time":"2020-11-03T09:37:41+00:00","twitter_card":"summary_large_image","twitter_misc":{"Est. reading time":"9 minutes"},"schema":{"@context":"https:\/\/schema.org","@graph":[{"@type":"WebPage","@id":"https:\/\/www.oribonetti.com\/en\/privacy-policy\/","url":"https:\/\/www.oribonetti.com\/en\/privacy-policy\/","name":"Privacy Policy | Ori&amp;Bonetti Falegnameria","isPartOf":{"@id":"https:\/\/www.oribonetti.com\/#website"},"datePublished":"2019-06-25T15:52:43+00:00","dateModified":"2020-11-03T09:37:41+00:00","breadcrumb":{"@id":"https:\/\/www.oribonetti.com\/en\/privacy-policy\/#breadcrumb"},"inLanguage":"en-US","potentialAction":[{"@type":"ReadAction","target":["https:\/\/www.oribonetti.com\/en\/privacy-policy\/"]}]},{"@type":"BreadcrumbList","@id":"https:\/\/www.oribonetti.com\/en\/privacy-policy\/#breadcrumb","itemListElement":[{"@type":"ListItem","position":1,"name":"Home","item":"https:\/\/www.oribonetti.com\/"},{"@type":"ListItem","position":2,"name":"Privacy Policy"}]},{"@type":"WebSite","@id":"https:\/\/www.oribonetti.com\/#website","url":"https:\/\/www.oribonetti.com\/","name":"Ori&amp;Bonetti","description":"Dal 1966 - Sistemi per l&#039;Architettura","publisher":{"@id":"https:\/\/www.oribonetti.com\/#organization"},"potentialAction":[{"@type":"SearchAction","target":{"@type":"EntryPoint","urlTemplate":"https:\/\/www.oribonetti.com\/?s={search_term_string}"},"query-input":"required name=search_term_string"}],"inLanguage":"en-US"},{"@type":"Organization","@id":"https:\/\/www.oribonetti.com\/#organization","name":"Ori & Bonetti Srl","url":"https:\/\/www.oribonetti.com\/","logo":{"@type":"ImageObject","inLanguage":"en-US","@id":"https:\/\/www.oribonetti.com\/#\/schema\/logo\/image\/","url":"https:\/\/www.oribonetti.com\/wp-content\/uploads\/2019\/11\/oribonetti_logo-2019_verticale-bis-50anni_nero_tracciato.png","contentUrl":"https:\/\/www.oribonetti.com\/wp-content\/uploads\/2019\/11\/oribonetti_logo-2019_verticale-bis-50anni_nero_tracciato.png","width":100,"height":124,"caption":"Ori & Bonetti Srl"},"image":{"@id":"https:\/\/www.oribonetti.com\/#\/schema\/logo\/image\/"},"sameAs":["https:\/\/it-it.facebook.com\/oribonetti1966\/","https:\/\/www.instagram.com\/ori_bonetti\/?hl=it","https:\/\/www.linkedin.com\/company\/ori-bonetti\/about\/?viewAsMember=true"]}]}},"_links":{"self":[{"href":"https:\/\/www.oribonetti.com\/en\/wp-json\/wp\/v2\/pages\/3"}],"collection":[{"href":"https:\/\/www.oribonetti.com\/en\/wp-json\/wp\/v2\/pages"}],"about":[{"href":"https:\/\/www.oribonetti.com\/en\/wp-json\/wp\/v2\/types\/page"}],"author":[{"embeddable":true,"href":"https:\/\/www.oribonetti.com\/en\/wp-json\/wp\/v2\/users\/1"}],"replies":[{"embeddable":true,"href":"https:\/\/www.oribonetti.com\/en\/wp-json\/wp\/v2\/comments?post=3"}],"version-history":[{"count":8,"href":"https:\/\/www.oribonetti.com\/en\/wp-json\/wp\/v2\/pages\/3\/revisions"}],"predecessor-version":[{"id":3166,"href":"https:\/\/www.oribonetti.com\/en\/wp-json\/wp\/v2\/pages\/3\/revisions\/3166"}],"wp:attachment":[{"href":"https:\/\/www.oribonetti.com\/en\/wp-json\/wp\/v2\/media?parent=3"}],"curies":[{"name":"wp","href":"https:\/\/api.w.org\/{rel}","templated":true}]}}